{"id":214,"date":"2025-07-07T15:07:47","date_gmt":"2025-07-07T19:07:47","guid":{"rendered":"https:\/\/jgys.cl\/?page_id=214"},"modified":"2025-07-08T00:25:27","modified_gmt":"2025-07-08T04:25:27","slug":"cristobal-sarralde","status":"publish","type":"page","link":"https:\/\/jgys.cl\/en\/cristobal-sarralde\/","title":{"rendered":"CRIST\u00d3BAL SARRALDE"},"content":{"rendered":"<div id=\"gap-1965308804\" class=\"gap-element clearfix\" style=\"display:block; height:auto;\">\n\t\t\n<style>\n#gap-1965308804 {\n  padding-top: 30px;\n}\n<\/style>\n\t<\/div>\n\t\n\n<div class=\"row row-collapse row-full-width align-center\"  id=\"row-1909123389\">\n\n\n\t<div id=\"col-1280557641\" class=\"col small-11 large-12\"  >\n\t\t\t\t<div class=\"col-inner text-center\"  >\n\t\t\t\n\t\t\t\n\n\t<div class=\"img has-hover x md-x lg-x y md-y lg-y\" id=\"image_681524481\">\n\t\t<a class=\"\" href=\"https:\/\/jgys.cl\/en\/\" >\t\t\t\t\t\t<div class=\"img-inner dark\" >\n\t\t\t<img loading=\"lazy\" decoding=\"async\" width=\"1712\" height=\"197\" src=\"https:\/\/jgys.cl\/wp-content\/uploads\/2025\/03\/logo.svg\" class=\"attachment-original size-original\" alt=\"\" \/>\t\t\t\t\t\t\n\t\t\t\t\t<\/div>\n\t\t\t\t\t\t<\/a>\t\t\n<style>\n#image_681524481 {\n  width: 90%;\n}\n@media (min-width:550px) {\n  #image_681524481 {\n    width: 40%;\n  }\n}\n<\/style>\n\t<\/div>\n\t\n\n\t<div id=\"text-2301659006\" class=\"text\">\n\t\t\n\n<p style=\"margin-bottom:0;\">EXPERTS IN LITIGATION AND ARBITRATION<\/p>\n\t\t\n<style>\n#text-2301659006 {\n  font-size: 0.9rem;\n  color: #7c95a5;\n}\n#text-2301659006 > * {\n  color: #7c95a5;\n}\n@media (min-width:550px) {\n  #text-2301659006 {\n    font-size: 1.25rem;\n  }\n}\n<\/style>\n\t<\/div>\n\t\n\n\t\t<\/div>\n\t\t\t\t\t<\/div>\n\n\t\n\n<\/div>\n\t<div id=\"gap-1906813915\" class=\"gap-element clearfix\" style=\"display:block; height:auto;\">\n\t\t\n<style>\n#gap-1906813915 {\n  padding-top: 30px;\n}\n<\/style>\n\t<\/div>\n\t\n\n<div class=\"text-center\"><div class=\"is-divider divider clearfix\" style=\"margin-top:0px;margin-bottom:0px;max-width:100%;height:5px;background-color:rgb(153, 153, 153);\"><\/div><\/div>\n\n\t<div id=\"gap-973321246\" class=\"gap-element clearfix\" style=\"display:block; height:auto;\">\n\t\t\n<style>\n#gap-973321246 {\n  padding-top: 30px;\n}\n<\/style>\n\t<\/div>\n\t\n\n<div class=\"row\"  id=\"row-988679079\">\n\n\n\t<div id=\"col-183072247\" class=\"col medium-4 small-12 large-4\"  >\n\t\t\t\t<div class=\"col-inner\"  >\n\t\t\t\n\t\t\t\n\n\t<div class=\"img has-hover x md-x lg-x y md-y lg-y\" id=\"image_880265867\">\n\t\t\t\t\t\t\t\t<div class=\"img-inner dark\" >\n\t\t\t<img loading=\"lazy\" decoding=\"async\" width=\"535\" height=\"800\" src=\"https:\/\/jgys.cl\/wp-content\/uploads\/2025\/07\/CRISTOBAL-SARRALDE.jpg\" class=\"attachment-original size-original\" alt=\"\" srcset=\"https:\/\/jgys.cl\/wp-content\/uploads\/2025\/07\/CRISTOBAL-SARRALDE.jpg 535w, https:\/\/jgys.cl\/wp-content\/uploads\/2025\/07\/CRISTOBAL-SARRALDE-201x300.jpg 201w\" sizes=\"auto, (max-width: 535px) 100vw, 535px\" \/>\t\t\t\t\t\t\n\t\t\t\t\t<\/div>\n\t\t\t\t\t\t\t\t\n<style>\n#image_880265867 {\n  width: 100%;\n}\n<\/style>\n\t<\/div>\n\t\n\n\t<div id=\"gap-522062317\" class=\"gap-element clearfix hide-for-small\" style=\"display:block; height:auto;\">\n\t\t\n<style>\n#gap-522062317 {\n  padding-top: 100px;\n}\n<\/style>\n\t<\/div>\n\t\n\n\t<div id=\"stack-4270244973\" class=\"stack hide-for-small stack-row justify-start items-center\">\n\t\t\n\n\t<div class=\"img has-hover x md-x lg-x y md-y lg-y\" id=\"image_1274996462\">\n\t\t<a class=\"\" href=\"https:\/\/jgys.cl\/en\/equipo\/\" >\t\t\t\t\t\t<div class=\"img-inner dark\" >\n\t\t\t<img loading=\"lazy\" decoding=\"async\" width=\"43\" height=\"43\" src=\"https:\/\/jgys.cl\/wp-content\/uploads\/2023\/05\/back.svg\" class=\"attachment-original size-original\" alt=\"\" srcset=\"https:\/\/jgys.cl\/wp-content\/uploads\/2023\/05\/back.svg 150w, https:\/\/jgys.cl\/wp-content\/uploads\/2023\/05\/back.svg 300w, https:\/\/jgys.cl\/wp-content\/uploads\/2023\/05\/back.svg 1024w, https:\/\/jgys.cl\/wp-content\/uploads\/2023\/05\/back.svg 1536w, https:\/\/jgys.cl\/wp-content\/uploads\/2023\/05\/back.svg 2048w, https:\/\/jgys.cl\/wp-content\/uploads\/2023\/05\/back.svg 43w\" sizes=\"auto, (max-width: 43px) 100vw, 43px\" \/>\t\t\t\t\t\t\n\t\t\t\t\t<\/div>\n\t\t\t\t\t\t<\/a>\t\t\n<style>\n#image_1274996462 {\n  width: 10%;\n}\n<\/style>\n\t<\/div>\n\t\n\n\t<div id=\"text-27009903\" class=\"text\">\n\t\t\n\n<h4 class=\"uppercase\" style=\"margin-bottom: 0;\"><span style=\"color: #627b8c;\"><a style=\"color: #627b8c;\" href=\"https:\/\/jgys.cl\/en\/equipo\/\"><strong>RETURN<\/strong><\/a><\/span><\/h4>\n\t\t\t<\/div>\n\t\n\n\t\t\n<style>\n#stack-4270244973 > * {\n  --stack-gap: 1rem;\n}\n<\/style>\n\t<\/div>\n\t\n\n\t\t<\/div>\n\t\t\t\t\t<\/div>\n\n\t\n\n\t<div id=\"col-1065383271\" class=\"col medium-8 small-12 large-8\"  >\n\t\t\t\t<div class=\"col-inner\"  >\n\t\t\t\n\t\t\t\n\n<h1 class=\"uppercase\">CRIST\u00d3BAL SARRALDE<\/h1>\n<p class=\"uppercase\"><strong>Partner<\/strong><\/p>\n\n\t\t<div class=\"icon-box featured-box icon-box-left text-left\"  >\n\t\t\t\t\t<div class=\"icon-box-img\" style=\"width: 30px\">\n\t\t\t\t<div class=\"icon\">\n\t\t\t\t\t<div class=\"icon-inner\" >\n\t\t\t\t\t\t<img loading=\"lazy\" decoding=\"async\" width=\"300\" height=\"300\" src=\"https:\/\/jgys.cl\/wp-content\/uploads\/2023\/05\/email.svg\" class=\"attachment-medium size-medium\" alt=\"\" srcset=\"https:\/\/jgys.cl\/wp-content\/uploads\/2023\/05\/email.svg 150w, https:\/\/jgys.cl\/wp-content\/uploads\/2023\/05\/email.svg 300w, https:\/\/jgys.cl\/wp-content\/uploads\/2023\/05\/email.svg 1024w, https:\/\/jgys.cl\/wp-content\/uploads\/2023\/05\/email.svg 1536w, https:\/\/jgys.cl\/wp-content\/uploads\/2023\/05\/email.svg 2048w\" sizes=\"auto, (max-width: 300px) 100vw, 300px\" \/>\t\t\t\t\t<\/div>\n\t\t\t\t<\/div>\n\t\t\t<\/div>\n\t\t\t\t<div class=\"icon-box-text last-reset\">\n\t\t\t\t\t\t\t\t\t\n\n<p><a href=\"mailto:csarralde@jgys.cl\">csarralde@jgys.cl<\/a><\/p>\n\n\t\t<\/div>\n\t<\/div>\n\t\n\t\n\t<div id=\"gap-1802939247\" class=\"gap-element clearfix\" style=\"display:block; height:auto;\">\n\t\t\n<style>\n#gap-1802939247 {\n  padding-top: 10px;\n}\n<\/style>\n\t<\/div>\n\t\n\n\n\t<a class=\"plain\" href=\"tel:+56232109560\" >\t<div class=\"icon-box featured-box icon-box-left text-left\"  >\n\t\t\t\t\t<div class=\"icon-box-img\" style=\"width: 30px\">\n\t\t\t\t<div class=\"icon\">\n\t\t\t\t\t<div class=\"icon-inner\" >\n\t\t\t\t\t\t<img loading=\"lazy\" decoding=\"async\" width=\"300\" height=\"300\" src=\"https:\/\/jgys.cl\/wp-content\/uploads\/2023\/05\/phone.svg\" class=\"attachment-medium size-medium\" alt=\"\" srcset=\"https:\/\/jgys.cl\/wp-content\/uploads\/2023\/05\/phone.svg 150w, https:\/\/jgys.cl\/wp-content\/uploads\/2023\/05\/phone.svg 300w, https:\/\/jgys.cl\/wp-content\/uploads\/2023\/05\/phone.svg 1024w, https:\/\/jgys.cl\/wp-content\/uploads\/2023\/05\/phone.svg 1536w, https:\/\/jgys.cl\/wp-content\/uploads\/2023\/05\/phone.svg 2048w, https:\/\/jgys.cl\/wp-content\/uploads\/2023\/05\/phone.svg 40w\" sizes=\"auto, (max-width: 300px) 100vw, 300px\" \/>\t\t\t\t\t<\/div>\n\t\t\t\t<\/div>\n\t\t\t<\/div>\n\t\t\t\t<div class=\"icon-box-text last-reset\">\n\t\t\t\t\t\t\t\t\t\n\n\t<div id=\"gap-1405790647\" class=\"gap-element clearfix\" style=\"display:block; height:auto;\">\n\t\t\n<style>\n#gap-1405790647 {\n  padding-top: 5px;\n}\n<\/style>\n\t<\/div>\n\t\n\n<p>+569 9917 7868<\/p>\n\n\t\t<\/div>\n\t<\/div>\n\t<\/a>\n\t\n\t<div id=\"gap-2048417258\" class=\"gap-element clearfix\" style=\"display:block; height:auto;\">\n\t\t\n<style>\n#gap-2048417258 {\n  padding-top: 30px;\n}\n<\/style>\n\t<\/div>\n\t\n\n<p>Abogado de la Universidad Cat\u00f3lica de Chile y LL.M. (Master of Laws) por la Universidad de Berkeley, California, Estados Unidos de Am\u00e9rica, con cerca de dos d\u00e9cadas de experiencia profesional en litigaci\u00f3n y arbitraje dom\u00e9sticos, as\u00ed como en arbitraje internacional. Ha representado clientes nacionales y extranjeros en disputas civiles y comerciales, en materias de energ\u00eda, construcci\u00f3n, seguros, miner\u00eda, inmobiliarias, de telecomunicaciones, constitucionales, libre competencia y acciones de clase de protecci\u00f3n al consumidor, entre otras.<\/p>\n<p>Previo a ingresar como socio en Jim\u00e9nez Garc\u00e9s Sarralde, se desempe\u00f1\u00f3 como <em>Counsel<\/em> en el estudio espa\u00f1ol Garrigues (2018-2024); y como asociado senior en Guerrero Olivos (2013-2018) y en Cariola D\u00edez P\u00e9rez-Cotapos (2005-2013).<\/p>\n<p>Profesor de Derecho Procesal en la Universidad Adolfo Ib\u00e1\u00f1ez.<\/p>\n<p>Obtuvo un diploma de la International Academy for Arbitration Law en Par\u00eds y en <em>Advanced Investment Arbitration<\/em> en el Center on International Commercial Arbitration del American University Washington College of Law.<\/p>\n<p>Asimismo, ha sido reconocido en diversos directorios legales, tales como Chambers Latin America y Chambers Global, The Legal 500, Leaders League, Who\u2019s Who, entre otros.<\/p>\n<p>Idiomas: ingl\u00e9s y espa\u00f1ol.<\/p>\n<p>Miembro del Colegio de Abogados de Chile, en donde ha sido designado juez del Tribunal de \u00c9tica y participa en la Comisi\u00f3n de Diversidad e Inclusi\u00f3n. Forma parte tambi\u00e9n del Cap\u00edtulo Chileno del Club Espa\u00f1ol e Iberoamericano del Arbitraje.<\/p>\n\n\t\t<\/div>\n\t\t\t\t\t<\/div>\n\n\t\n\n\t<div id=\"col-1409435553\" class=\"col show-for-small medium-4 small-12 large-4\"  >\n\t\t\t\t<div class=\"col-inner\"  >\n\t\t\t\n\t\t\t\n\n\t<div id=\"stack-3426471962\" class=\"stack stack-row justify-start items-center\">\n\t\t\n\n\t<div class=\"img has-hover x md-x lg-x y md-y lg-y\" id=\"image_1256076699\">\n\t\t<a class=\"\" href=\"https:\/\/jgys.cl\/en\/equipo\/\" >\t\t\t\t\t\t<div class=\"img-inner dark\" >\n\t\t\t<img loading=\"lazy\" decoding=\"async\" width=\"43\" height=\"43\" src=\"https:\/\/jgys.cl\/wp-content\/uploads\/2023\/05\/back.svg\" class=\"attachment-original size-original\" alt=\"\" srcset=\"https:\/\/jgys.cl\/wp-content\/uploads\/2023\/05\/back.svg 150w, https:\/\/jgys.cl\/wp-content\/uploads\/2023\/05\/back.svg 300w, https:\/\/jgys.cl\/wp-content\/uploads\/2023\/05\/back.svg 1024w, https:\/\/jgys.cl\/wp-content\/uploads\/2023\/05\/back.svg 1536w, https:\/\/jgys.cl\/wp-content\/uploads\/2023\/05\/back.svg 2048w, https:\/\/jgys.cl\/wp-content\/uploads\/2023\/05\/back.svg 43w\" sizes=\"auto, (max-width: 43px) 100vw, 43px\" \/>\t\t\t\t\t\t\n\t\t\t\t\t<\/div>\n\t\t\t\t\t\t<\/a>\t\t\n<style>\n#image_1256076699 {\n  width: 10%;\n}\n<\/style>\n\t<\/div>\n\t\n\n\t<div id=\"text-1420760431\" class=\"text\">\n\t\t\n\n<h4 class=\"uppercase\" style=\"margin-bottom: 0;\"><span style=\"color: #627b8c;\"><a style=\"color: #627b8c;\" href=\"https:\/\/jgys.cl\/en\/equipo\/\"><strong>RETURN<\/strong><\/a><\/span><\/h4>\n\t\t\t<\/div>\n\t\n\n\t\t\n<style>\n#stack-3426471962 > * {\n  --stack-gap: 1rem;\n}\n<\/style>\n\t<\/div>\n\t\n\n\t\t<\/div>\n\t\t\t\t\t<\/div>\n\n\t\n\n<\/div>","protected":false},"excerpt":{"rendered":"","protected":false},"author":1,"featured_media":0,"parent":0,"menu_order":6,"comment_status":"closed","ping_status":"closed","template":"page-blank-landingpage.php","meta":{"footnotes":""},"class_list":["post-214","page","type-page","status-publish","hentry"],"_links":{"self":[{"href":"https:\/\/jgys.cl\/en\/wp-json\/wp\/v2\/pages\/214","targetHints":{"allow":["GET"]}}],"collection":[{"href":"https:\/\/jgys.cl\/en\/wp-json\/wp\/v2\/pages"}],"about":[{"href":"https:\/\/jgys.cl\/en\/wp-json\/wp\/v2\/types\/page"}],"author":[{"embeddable":true,"href":"https:\/\/jgys.cl\/en\/wp-json\/wp\/v2\/users\/1"}],"replies":[{"embeddable":true,"href":"https:\/\/jgys.cl\/en\/wp-json\/wp\/v2\/comments?post=214"}],"version-history":[{"count":0,"href":"https:\/\/jgys.cl\/en\/wp-json\/wp\/v2\/pages\/214\/revisions"}],"wp:attachment":[{"href":"https:\/\/jgys.cl\/en\/wp-json\/wp\/v2\/media?parent=214"}],"curies":[{"name":"wp","href":"https:\/\/api.w.org\/{rel}","templated":true}]}}